{"id":8568,"date":"2024-01-15T13:26:33","date_gmt":"2024-01-15T12:26:33","guid":{"rendered":"https:\/\/maritimefinance.dk\/?page_id=8568"},"modified":"2025-02-11T10:54:40","modified_gmt":"2025-02-11T09:54:40","slug":"investments","status":"publish","type":"page","link":"https:\/\/maritimefinance.ch\/fr\/investissements\/","title":{"rendered":"Investissements"},"content":{"rendered":"<div data-elementor-type=\"wp-page\" data-elementor-id=\"8568\" data-post-id=\"8568\" data-obj-id=\"8568\" class=\"elementor elementor-8568 dce-elementor-post-8568\" data-elementor-post-type=\"page\">\n\t\t\t\t\t\t<section data-dce-background-color=\"#FFFFFF\" data-dce-background-image-url=\"https:\/\/maritimefinance.dk\/wp-content\/uploads\/2024\/02\/EMF-extended-ship-background-min.jpg\" class=\"elementor-section elementor-top-section elementor-element elementor-element-79c1923 elementor-section-height-min-height elementor-section-items-stretch elementor-section-content-bottom elementor-section-boxed elementor-section-height-default\" data-id=\"79c1923\" data-element_type=\"section\" data-settings=\"{&quot;background_background&quot;:&quot;classic&quot;}\">\n\t\t\t\t\t\t\t<div class=\"elementor-background-overlay\"><\/div>\n\t\t\t\t\t\t\t<div class=\"elementor-container elementor-column-gap-custom\">\n\t\t\t\t\t<div class=\"elementor-column elementor-col-100 elementor-top-column elementor-element elementor-element-5f984ee\" data-id=\"5f984ee\" data-element_type=\"column\">\n\t\t\t<div class=\"elementor-widget-wrap elementor-element-populated\">\n\t\t\t\t\t\t<div class=\"elementor-element elementor-element-03d1a15 elementor-widget elementor-widget-heading\" data-id=\"03d1a15\" data-element_type=\"widget\" data-settings=\"{&quot;_animation&quot;:&quot;none&quot;}\" data-widget_type=\"heading.default\">\n\t\t\t\t<div class=\"elementor-widget-container\">\n\t\t\t<h1 class=\"elementor-heading-title elementor-size-default\">INVESTISSEMENTS<\/h1>\t\t<\/div>\n\t\t\t\t<\/div>\n\t\t\t\t\t<\/div>\n\t\t<\/div>\n\t\t\t\t\t<\/div>\n\t\t<\/section>\n\t\t\t\t<section data-dce-background-color=\"#FFFFFF\" class=\"elementor-section elementor-top-section elementor-element elementor-element-bcb9757 elementor-section-boxed elementor-section-height-default elementor-section-height-default\" data-id=\"bcb9757\" data-element_type=\"section\" data-settings=\"{&quot;background_background&quot;:&quot;classic&quot;}\">\n\t\t\t\t\t\t<div class=\"elementor-container elementor-column-gap-default\">\n\t\t\t\t\t<div data-dce-background-image-url=\"https:\/\/maritimefinance.dk\/wp-content\/uploads\/2022\/11\/Decoration.jpg\" class=\"elementor-column elementor-col-100 elementor-top-column elementor-element elementor-element-49fed61\" data-id=\"49fed61\" data-element_type=\"column\" data-settings=\"{&quot;background_background&quot;:&quot;classic&quot;}\">\n\t\t\t<div class=\"elementor-widget-wrap elementor-element-populated\">\n\t\t\t\t\t\t<div class=\"elementor-element elementor-element-95b9f17 elementor-invisible elementor-widget elementor-widget-heading\" data-id=\"95b9f17\" data-element_type=\"widget\" data-settings=\"{&quot;_animation&quot;:&quot;fadeIn&quot;}\" data-widget_type=\"heading.default\">\n\t\t\t\t<div class=\"elementor-widget-container\">\n\t\t\t<h2 class=\"elementor-heading-title elementor-size-default\">GREEN HARMONY I & BLUE HARMONY II<\/h2>\t\t<\/div>\n\t\t\t\t<\/div>\n\t\t\t\t<section class=\"elementor-section elementor-inner-section elementor-element elementor-element-9bb9259 elementor-section-full_width elementor-hidden-desktop elementor-hidden-tablet elementor-hidden-mobile elementor-section-height-default elementor-section-height-default\" data-id=\"9bb9259\" data-element_type=\"section\">\n\t\t\t\t\t\t<div class=\"elementor-container elementor-column-gap-default\">\n\t\t\t\t\t<div class=\"elementor-column elementor-col-50 elementor-inner-column elementor-element elementor-element-31720da\" data-id=\"31720da\" data-element_type=\"column\" data-settings=\"{&quot;background_background&quot;:&quot;classic&quot;}\">\n\t\t\t<div class=\"elementor-widget-wrap elementor-element-populated\">\n\t\t\t\t\t<div class=\"elementor-background-overlay\"><\/div>\n\t\t\t\t\t\t<div class=\"elementor-element elementor-element-44243da elementor-widget elementor-widget-text-editor\" data-id=\"44243da\" data-element_type=\"widget\" data-widget_type=\"text-editor.default\">\n\t\t\t\t<div class=\"elementor-widget-container\">\n\t\t\t\t\t\t\t<p>Ouvert aux investissements<\/p>\t\t\t\t\t\t<\/div>\n\t\t\t\t<\/div>\n\t\t\t\t<div class=\"elementor-element elementor-element-f89a4f2 elementor-icon-list--layout-traditional elementor-list-item-link-full_width elementor-widget elementor-widget-icon-list\" data-id=\"f89a4f2\" data-element_type=\"widget\" data-widget_type=\"icon-list.default\">\n\t\t\t\t<div class=\"elementor-widget-container\">\n\t\t\t\t\t<ul class=\"elementor-icon-list-items\">\n\t\t\t\t\t\t\t<li class=\"elementor-icon-list-item\">\n\t\t\t\t\t\t\t\t\t\t\t<span class=\"elementor-icon-list-icon\">\n\t\t\t\t\t\t\t<i aria-hidden=\"true\" class=\"fas fa-ship\"><\/i>\t\t\t\t\t\t<\/span>\n\t\t\t\t\t\t\t\t\t\t<span class=\"elementor-icon-list-text\">Type : 2x p\u00e9troliers Suezmax<\/span>\n\t\t\t\t\t\t\t\t\t<\/li>\n\t\t\t\t\t\t\t\t<li class=\"elementor-icon-list-item\">\n\t\t\t\t\t\t\t\t\t\t\t<span class=\"elementor-icon-list-icon\">\n\t\t\t\t\t\t\t<i aria-hidden=\"true\" class=\"fas fa-ship\"><\/i>\t\t\t\t\t\t<\/span>\n\t\t\t\t\t\t\t\t\t\t<span class=\"elementor-icon-list-text\">Livraison : Mai\/Juin\u00a02026<\/span>\n\t\t\t\t\t\t\t\t\t<\/li>\n\t\t\t\t\t\t\t\t<li class=\"elementor-icon-list-item\">\n\t\t\t\t\t\t\t\t\t\t\t<span class=\"elementor-icon-list-icon\">\n\t\t\t\t\t\t\t<i aria-hidden=\"true\" class=\"fas fa-ship\"><\/i>\t\t\t\t\t\t<\/span>\n\t\t\t\t\t\t\t\t\t\t<span class=\"elementor-icon-list-text\">Valeur du projet : USD\u00a0169\u00a0500\u00a0000<\/span>\n\t\t\t\t\t\t\t\t\t<\/li>\n\t\t\t\t\t\t\t\t<li class=\"elementor-icon-list-item\">\n\t\t\t\t\t\t\t\t\t\t\t<span class=\"elementor-icon-list-icon\">\n\t\t\t\t\t\t\t<i aria-hidden=\"true\" class=\"fas fa-ship\"><\/i>\t\t\t\t\t\t<\/span>\n\t\t\t\t\t\t\t\t\t\t<span class=\"elementor-icon-list-text\">Rendement attendu : 44%<\/span>\n\t\t\t\t\t\t\t\t\t<\/li>\n\t\t\t\t\t\t\t\t<li class=\"elementor-icon-list-item\">\n\t\t\t\t\t\t\t\t\t\t\t<span class=\"elementor-icon-list-icon\">\n\t\t\t\t\t\t\t<i aria-hidden=\"true\" class=\"fas fa-ship\"><\/i>\t\t\t\t\t\t<\/span>\n\t\t\t\t\t\t\t\t\t\t<span class=\"elementor-icon-list-text\">Dur\u00e9e pr\u00e9vue du projet : 30\u00a0mois<\/span>\n\t\t\t\t\t\t\t\t\t<\/li>\n\t\t\t\t\t\t\t\t<li class=\"elementor-icon-list-item\">\n\t\t\t\t\t\t\t\t\t\t\t<span class=\"elementor-icon-list-icon\">\n\t\t\t\t\t\t\t<i aria-hidden=\"true\" class=\"fas fa-ship\"><\/i>\t\t\t\t\t\t<\/span>\n\t\t\t\t\t\t\t\t\t\t<span class=\"elementor-icon-list-text\">Montant de l\u2019investisseur avec participation de 10% : USD\u00a02\u00a0178\u00a0000<\/span>\n\t\t\t\t\t\t\t\t\t<\/li>\n\t\t\t\t\t\t\t\t<li class=\"elementor-icon-list-item\">\n\t\t\t\t\t\t\t\t\t\t\t<span class=\"elementor-icon-list-icon\">\n\t\t\t\t\t\t\t<i aria-hidden=\"true\" class=\"fas fa-ship\"><\/i>\t\t\t\t\t\t<\/span>\n\t\t\t\t\t\t\t\t\t\t<span class=\"elementor-icon-list-text\">Investissement minimal : USD\u00a0120\u00a0000<\/span>\n\t\t\t\t\t\t\t\t\t<\/li>\n\t\t\t\t\t\t<\/ul>\n\t\t\t\t<\/div>\n\t\t\t\t<\/div>\n\t\t\t\t\t<\/div>\n\t\t<\/div>\n\t\t\t\t<div class=\"elementor-column elementor-col-50 elementor-inner-column elementor-element elementor-element-5516a90\" data-id=\"5516a90\" data-element_type=\"column\">\n\t\t\t<div class=\"elementor-widget-wrap elementor-element-populated\">\n\t\t\t\t\t\t<div class=\"elementor-element elementor-element-813739e elementor-widget elementor-widget-html5-video\" data-id=\"813739e\" data-element_type=\"widget\" data-settings=\"{&quot;video_stop_others&quot;:&quot;yes&quot;,&quot;video_speed&quot;:{&quot;unit&quot;:&quot;px&quot;,&quot;size&quot;:1,&quot;sizes&quot;:[]},&quot;video_speed_tablet&quot;:{&quot;unit&quot;:&quot;px&quot;,&quot;size&quot;:&quot;&quot;,&quot;sizes&quot;:[]},&quot;video_speed_mobile&quot;:{&quot;unit&quot;:&quot;px&quot;,&quot;size&quot;:&quot;&quot;,&quot;sizes&quot;:[]}}\" data-widget_type=\"html5-video.default\">\n\t\t\t\t<div class=\"elementor-widget-container\">\n\t\t\t<div class=\"ee-video-player ee-player\">\n\t\t\t<video class=\"ee-video-player__source ee-player__source\" playsinline=\"true\" width=\"100%\" height=\"100%\" loop=\"true\"><source src=\"https:\/\/maritimefinance.dk\/wp-content\/uploads\/2024\/02\/european_maritime_finance_full-Hoj.mp4\" type=\"video\/mp4\">\n\t\t\t\n\t\t\t\n\t\t\t\n\t\t<\/video>\t\t\t<div class=\"ee-video-player__cover ee-player__cover\"><\/div>\t\t\t\t\t<div class=\"ee-video-player__controls ee-player__controls\"><ul class=\"ee-player__controls__overlay ee-video-player__overlay\"><li class=\"ee-player__control ee-player__controls__play nicon nicon-play\"><\/li>\n\t\t\t<\/ul>\n\t\t\t\t<\/div><!-- .ee-video-player__controls -->\n\t\t\t\t<\/div><!-- .ee-video-player -->\n\t\t\t\t<\/div>\n\t\t\t\t<\/div>\n\t\t\t\t\t<\/div>\n\t\t<\/div>\n\t\t\t\t\t<\/div>\n\t\t<\/section>\n\t\t\t\t<section class=\"elementor-section elementor-inner-section elementor-element elementor-element-795cecd elementor-section-content-middle elementor-section-boxed elementor-section-height-default elementor-section-height-default\" data-id=\"795cecd\" data-element_type=\"section\">\n\t\t\t\t\t\t<div class=\"elementor-container elementor-column-gap-default\">\n\t\t\t\t\t<div class=\"elementor-column elementor-col-100 elementor-inner-column elementor-element elementor-element-c87e97c\" data-id=\"c87e97c\" data-element_type=\"column\">\n\t\t\t<div class=\"elementor-widget-wrap elementor-element-populated\">\n\t\t\t\t\t\t<div class=\"elementor-element elementor-element-760f142 elementor-widget elementor-widget-spacer\" data-id=\"760f142\" data-element_type=\"widget\" data-widget_type=\"spacer.default\">\n\t\t\t\t<div class=\"elementor-widget-container\">\n\t\t\t\t\t<div class=\"elementor-spacer\">\n\t\t\t<div class=\"elementor-spacer-inner\"><\/div>\n\t\t<\/div>\n\t\t\t\t<\/div>\n\t\t\t\t<\/div>\n\t\t\t\t\t<\/div>\n\t\t<\/div>\n\t\t\t\t\t<\/div>\n\t\t<\/section>\n\t\t\t\t<section class=\"elementor-section elementor-inner-section elementor-element elementor-element-a77f829 elementor-section-content-top elementor-section-height-min-height elementor-section-boxed elementor-section-height-default\" data-id=\"a77f829\" data-element_type=\"section\">\n\t\t\t\t\t\t<div class=\"elementor-container elementor-column-gap-default\">\n\t\t\t\t\t<div class=\"elementor-column elementor-col-50 elementor-inner-column elementor-element elementor-element-88c66aa\" data-id=\"88c66aa\" data-element_type=\"column\">\n\t\t\t<div class=\"elementor-widget-wrap elementor-element-populated\">\n\t\t\t\t\t\t<div class=\"elementor-element elementor-element-df761db elementor-widget elementor-widget-text-editor\" data-id=\"df761db\" data-element_type=\"widget\" data-widget_type=\"text-editor.default\">\n\t\t\t\t<div class=\"elementor-widget-container\">\n\t\t\t\t\t\t\t<p>Dans la continuit\u00e9 des valeurs ESG (Environnement, Social et Gouvernance) d'EMF AG, nous investissons exclusivement dans une flotte neuve et de nouvelle g\u00e9n\u00e9ration. C'est la raison pour laquelle notre futur investissement se porte sur des navires capables d\u2019utiliser et de transporter l'ammoniac, carburant propre pouvant r\u00e9duire les \u00e9missions de gaz \u00e0 effet de serre jusqu\u2019\u00e0 99%.<\/p><p>Pour de plus amples informations concernant <strong>Green Harmony I &amp; BLUE HARMONY II<\/strong>, n'h\u00e9sitez pas \u00e0 nous contacter.<\/p><p>Ces placements sont r\u00e9serv\u00e9s aux investisseurs qualifi\u00e9s en Suisse. En tant que distributeur de ces fonds, nous devons nous assurer que chaque investisseur remplit les conditions requises. Pour plus d'informations, veuillez nous contacter via le formulaire.<\/p><p>\u00a0<\/p><p><span style=\"text-decoration: underline;\"><span style=\"color: #003366;\"><a style=\"color: #003366;\" href=\"https:\/\/maritimefinance.ch\/wp-content\/uploads\/2024\/08\/EMF-note-information-V1.0.pdf\"><strong>NOTE D'INFORMATION DESTIN\u00c9E AUX INVESTISSEURS<\/strong><\/a><\/span><\/span><\/p>\t\t\t\t\t\t<\/div>\n\t\t\t\t<\/div>\n\t\t\t\t\t<\/div>\n\t\t<\/div>\n\t\t\t\t<div class=\"elementor-column elementor-col-50 elementor-inner-column elementor-element elementor-element-707d01b\" data-id=\"707d01b\" data-element_type=\"column\">\n\t\t\t<div class=\"elementor-widget-wrap elementor-element-populated\">\n\t\t\t\t\t\t<div class=\"elementor-element elementor-element-c8180ee elementor-invisible elementor-widget elementor-widget-heading\" data-id=\"c8180ee\" data-element_type=\"widget\" data-settings=\"{&quot;_animation&quot;:&quot;fadeIn&quot;}\" data-widget_type=\"heading.default\">\n\t\t\t\t<div class=\"elementor-widget-container\">\n\t\t\t<h2 class=\"elementor-heading-title elementor-size-default\">Recevoir plus d\u2019informations<\/h2>\t\t<\/div>\n\t\t\t\t<\/div>\n\t\t\t\t<div class=\"elementor-element elementor-element-cd2918d elementor-widget elementor-widget-hubspot-form\" data-id=\"cd2918d\" data-element_type=\"widget\" id=\"inv-english\" data-widget_type=\"hubspot-form.default\">\n\t\t\t\t<div class=\"elementor-widget-container\">\n\t\t\t\n\t\t\t\t\t<script>\n\t\t\t\t\t\twindow.hsFormsOnReady = window.hsFormsOnReady || [];\n\t\t\t\t\t\twindow.hsFormsOnReady.push(()=>{\n\t\t\t\t\t\t\thbspt.forms.create({\n\t\t\t\t\t\t\t\tportalId: 143789414,\n\t\t\t\t\t\t\t\tformId: \"a2c001d0-5735-4809-8f03-a5cce8fc71c1\",\n\t\t\t\t\t\t\t\ttarget: \"#hbspt-form-1775870903000-7522595678\",\n\t\t\t\t\t\t\t\tregion: \"eu1\",\n\t\t\t\t\t\t\t\t\n\t\t\t\t\t\t})});\n\t\t\t\t\t<\/script>\n\t\t\t\t\t<div class=\"hbspt-form\" id=\"hbspt-form-1775870903000-7522595678\"><\/div>\t\t<\/div>\n\t\t\t\t<\/div>\n\t\t\t\t<div class=\"elementor-element elementor-element-dd053f4 elementor-widget elementor-widget-hubspot-form\" data-id=\"dd053f4\" data-element_type=\"widget\" id=\"inv-french\" data-widget_type=\"hubspot-form.default\">\n\t\t\t\t<div class=\"elementor-widget-container\">\n\t\t\t\n\t\t\t\t\t<script>\n\t\t\t\t\t\twindow.hsFormsOnReady = window.hsFormsOnReady || [];\n\t\t\t\t\t\twindow.hsFormsOnReady.push(()=>{\n\t\t\t\t\t\t\thbspt.forms.create({\n\t\t\t\t\t\t\t\tportalId: 143789414,\n\t\t\t\t\t\t\t\tformId: \"b64cce71-570d-4dae-ad41-65f705bb11d2\",\n\t\t\t\t\t\t\t\ttarget: \"#hbspt-form-1775870903000-1463348371\",\n\t\t\t\t\t\t\t\tregion: \"eu1\",\n\t\t\t\t\t\t\t\t\n\t\t\t\t\t\t})});\n\t\t\t\t\t<\/script>\n\t\t\t\t\t<div class=\"hbspt-form\" id=\"hbspt-form-1775870903000-1463348371\"><\/div>\t\t<\/div>\n\t\t\t\t<\/div>\n\t\t\t\t<div class=\"elementor-element elementor-element-3f752c4 elementor-widget elementor-widget-hubspot-form\" data-id=\"3f752c4\" data-element_type=\"widget\" id=\"inv-german\" data-widget_type=\"hubspot-form.default\">\n\t\t\t\t<div class=\"elementor-widget-container\">\n\t\t\t\n\t\t\t\t\t<script>\n\t\t\t\t\t\twindow.hsFormsOnReady = window.hsFormsOnReady || [];\n\t\t\t\t\t\twindow.hsFormsOnReady.push(()=>{\n\t\t\t\t\t\t\thbspt.forms.create({\n\t\t\t\t\t\t\t\tportalId: 143789414,\n\t\t\t\t\t\t\t\tformId: \"f1e28531-c715-47b5-b179-f60af0de7ace\",\n\t\t\t\t\t\t\t\ttarget: \"#hbspt-form-1775870903000-8341833390\",\n\t\t\t\t\t\t\t\tregion: \"eu1\",\n\t\t\t\t\t\t\t\t\n\t\t\t\t\t\t})});\n\t\t\t\t\t<\/script>\n\t\t\t\t\t<div class=\"hbspt-form\" id=\"hbspt-form-1775870903000-8341833390\"><\/div>\t\t<\/div>\n\t\t\t\t<\/div>\n\t\t\t\t\t<\/div>\n\t\t<\/div>\n\t\t\t\t\t<\/div>\n\t\t<\/section>\n\t\t\t\t\t<\/div>\n\t\t<\/div>\n\t\t\t\t\t<\/div>\n\t\t<\/section>\n\t\t\t\t<\/div>","protected":false},"excerpt":{"rendered":"<p>INVESTMENTS GREEN HARMONY I &#038; BLUE HARMONY II Open for investments Type: 2x Suezmax Oil Tankers Delivery: May\/June 2026 Project value: USD 169,500,000 Expected return: 44% Expected project duration: 30 months Investor amount w\/ 10% ownership: USD 2,178,000 Minimum investment: USD 120,000 In line with EMF AG ESG (Environmental, Social, and Governance) values, we are [&hellip;]<\/p>","protected":false},"author":1,"featured_media":0,"parent":0,"menu_order":0,"comment_status":"closed","ping_status":"closed","template":"","meta":{"_acf_changed":false,"content-type":"","footnotes":""},"acf":[],"yoast_head":"<!-- This site is optimized with the Yoast SEO plugin v22.7 - https:\/\/yoast.com\/wordpress\/plugins\/seo\/ -->\n<title>Investments - European Maritime Finance<\/title>\n<meta name=\"robots\" content=\"index, follow, max-snippet:-1, max-image-preview:large, max-video-preview:-1\" \/>\n<link rel=\"canonical\" href=\"https:\/\/maritimefinance.ch\/fr\/investissements\/\" \/>\n<meta property=\"og:locale\" content=\"fr_FR\" \/>\n<meta property=\"og:type\" content=\"article\" \/>\n<meta property=\"og:title\" content=\"Investments - European Maritime Finance\" \/>\n<meta property=\"og:description\" content=\"INVESTMENTS GREEN HARMONY I &#038; BLUE HARMONY II Open for investments Type: 2x Suezmax Oil Tankers Delivery: May\/June 2026 Project value: USD 169,500,000 Expected return: 44% Expected project duration: 30 months Investor amount w\/ 10% ownership: USD 2,178,000 Minimum investment: USD 120,000 In line with EMF AG ESG (Environmental, Social, and Governance) values, we are [&hellip;]\" \/>\n<meta property=\"og:url\" content=\"https:\/\/maritimefinance.ch\/fr\/investissements\/\" \/>\n<meta property=\"og:site_name\" content=\"European Maritime Finance\" \/>\n<meta property=\"article:publisher\" content=\"https:\/\/m.facebook.com\/maritimefinancech\" \/>\n<meta property=\"article:modified_time\" content=\"2025-02-11T09:54:40+00:00\" \/>\n<meta name=\"twitter:card\" content=\"summary_large_image\" \/>\n<meta name=\"twitter:site\" content=\"@EMFSwitzerland\" \/>\n<meta name=\"twitter:label1\" content=\"Dur\u00e9e de lecture estim\u00e9e\" \/>\n\t<meta name=\"twitter:data1\" content=\"1 minute\" \/>\n<script type=\"application\/ld+json\" class=\"yoast-schema-graph\">{\"@context\":\"https:\/\/schema.org\",\"@graph\":[{\"@type\":\"WebPage\",\"@id\":\"https:\/\/maritimefinance.ch\/investments\/\",\"url\":\"https:\/\/maritimefinance.ch\/investments\/\",\"name\":\"Investments - European Maritime Finance\",\"isPartOf\":{\"@id\":\"https:\/\/maritimefinance.ch\/#website\"},\"datePublished\":\"2024-01-15T12:26:33+00:00\",\"dateModified\":\"2025-02-11T09:54:40+00:00\",\"breadcrumb\":{\"@id\":\"https:\/\/maritimefinance.ch\/investments\/#breadcrumb\"},\"inLanguage\":\"fr-FR\",\"potentialAction\":[{\"@type\":\"ReadAction\",\"target\":[\"https:\/\/maritimefinance.ch\/investments\/\"]}]},{\"@type\":\"BreadcrumbList\",\"@id\":\"https:\/\/maritimefinance.ch\/investments\/#breadcrumb\",\"itemListElement\":[{\"@type\":\"ListItem\",\"position\":1,\"name\":\"Home\",\"item\":\"https:\/\/maritimefinance.ch\/\"},{\"@type\":\"ListItem\",\"position\":2,\"name\":\"Investments\"}]},{\"@type\":\"WebSite\",\"@id\":\"https:\/\/maritimefinance.ch\/#website\",\"url\":\"https:\/\/maritimefinance.ch\/\",\"name\":\"European Maritime Finance\",\"description\":\"European Maritime Finance AG\",\"publisher\":{\"@id\":\"https:\/\/maritimefinance.ch\/#organization\"},\"potentialAction\":[{\"@type\":\"SearchAction\",\"target\":{\"@type\":\"EntryPoint\",\"urlTemplate\":\"https:\/\/maritimefinance.ch\/?s={search_term_string}\"},\"query-input\":\"required name=search_term_string\"}],\"inLanguage\":\"fr-FR\"},{\"@type\":\"Organization\",\"@id\":\"https:\/\/maritimefinance.ch\/#organization\",\"name\":\"European Maritime Finance\",\"url\":\"https:\/\/maritimefinance.ch\/\",\"logo\":{\"@type\":\"ImageObject\",\"inLanguage\":\"fr-FR\",\"@id\":\"https:\/\/maritimefinance.ch\/#\/schema\/logo\/image\/\",\"url\":\"https:\/\/maritimefinance.ch\/wp-content\/uploads\/2020\/03\/cropped-EMF-2.png\",\"contentUrl\":\"https:\/\/maritimefinance.ch\/wp-content\/uploads\/2020\/03\/cropped-EMF-2.png\",\"width\":600,\"height\":632,\"caption\":\"European Maritime Finance\"},\"image\":{\"@id\":\"https:\/\/maritimefinance.ch\/#\/schema\/logo\/image\/\"},\"sameAs\":[\"https:\/\/m.facebook.com\/maritimefinancech\",\"https:\/\/x.com\/EMFSwitzerland\"]}]}<\/script>\n<!-- \/ Yoast SEO plugin. -->","yoast_head_json":{"title":"Investments - European Maritime Finance","robots":{"index":"index","follow":"follow","max-snippet":"max-snippet:-1","max-image-preview":"max-image-preview:large","max-video-preview":"max-video-preview:-1"},"canonical":"https:\/\/maritimefinance.ch\/fr\/investissements\/","og_locale":"fr_FR","og_type":"article","og_title":"Investments - European Maritime Finance","og_description":"INVESTMENTS GREEN HARMONY I &#038; BLUE HARMONY II Open for investments Type: 2x Suezmax Oil Tankers Delivery: May\/June 2026 Project value: USD 169,500,000 Expected return: 44% Expected project duration: 30 months Investor amount w\/ 10% ownership: USD 2,178,000 Minimum investment: USD 120,000 In line with EMF AG ESG (Environmental, Social, and Governance) values, we are [&hellip;]","og_url":"https:\/\/maritimefinance.ch\/fr\/investissements\/","og_site_name":"European Maritime Finance","article_publisher":"https:\/\/m.facebook.com\/maritimefinancech","article_modified_time":"2025-02-11T09:54:40+00:00","twitter_card":"summary_large_image","twitter_site":"@EMFSwitzerland","twitter_misc":{"Dur\u00e9e de lecture estim\u00e9e":"1 minute"},"schema":{"@context":"https:\/\/schema.org","@graph":[{"@type":"WebPage","@id":"https:\/\/maritimefinance.ch\/investments\/","url":"https:\/\/maritimefinance.ch\/investments\/","name":"Investments - European Maritime Finance","isPartOf":{"@id":"https:\/\/maritimefinance.ch\/#website"},"datePublished":"2024-01-15T12:26:33+00:00","dateModified":"2025-02-11T09:54:40+00:00","breadcrumb":{"@id":"https:\/\/maritimefinance.ch\/investments\/#breadcrumb"},"inLanguage":"fr-FR","potentialAction":[{"@type":"ReadAction","target":["https:\/\/maritimefinance.ch\/investments\/"]}]},{"@type":"BreadcrumbList","@id":"https:\/\/maritimefinance.ch\/investments\/#breadcrumb","itemListElement":[{"@type":"ListItem","position":1,"name":"Home","item":"https:\/\/maritimefinance.ch\/"},{"@type":"ListItem","position":2,"name":"Investments"}]},{"@type":"WebSite","@id":"https:\/\/maritimefinance.ch\/#website","url":"https:\/\/maritimefinance.ch\/","name":"European Maritime Finance","description":"European Maritime Finance AG","publisher":{"@id":"https:\/\/maritimefinance.ch\/#organization"},"potentialAction":[{"@type":"SearchAction","target":{"@type":"EntryPoint","urlTemplate":"https:\/\/maritimefinance.ch\/?s={search_term_string}"},"query-input":"required name=search_term_string"}],"inLanguage":"fr-FR"},{"@type":"Organization","@id":"https:\/\/maritimefinance.ch\/#organization","name":"European Maritime Finance","url":"https:\/\/maritimefinance.ch\/","logo":{"@type":"ImageObject","inLanguage":"fr-FR","@id":"https:\/\/maritimefinance.ch\/#\/schema\/logo\/image\/","url":"https:\/\/maritimefinance.ch\/wp-content\/uploads\/2020\/03\/cropped-EMF-2.png","contentUrl":"https:\/\/maritimefinance.ch\/wp-content\/uploads\/2020\/03\/cropped-EMF-2.png","width":600,"height":632,"caption":"European Maritime Finance"},"image":{"@id":"https:\/\/maritimefinance.ch\/#\/schema\/logo\/image\/"},"sameAs":["https:\/\/m.facebook.com\/maritimefinancech","https:\/\/x.com\/EMFSwitzerland"]}]}},"_links":{"self":[{"href":"https:\/\/maritimefinance.ch\/fr\/wp-json\/wp\/v2\/pages\/8568"}],"collection":[{"href":"https:\/\/maritimefinance.ch\/fr\/wp-json\/wp\/v2\/pages"}],"about":[{"href":"https:\/\/maritimefinance.ch\/fr\/wp-json\/wp\/v2\/types\/page"}],"author":[{"embeddable":true,"href":"https:\/\/maritimefinance.ch\/fr\/wp-json\/wp\/v2\/users\/1"}],"replies":[{"embeddable":true,"href":"https:\/\/maritimefinance.ch\/fr\/wp-json\/wp\/v2\/comments?post=8568"}],"version-history":[{"count":105,"href":"https:\/\/maritimefinance.ch\/fr\/wp-json\/wp\/v2\/pages\/8568\/revisions"}],"predecessor-version":[{"id":10651,"href":"https:\/\/maritimefinance.ch\/fr\/wp-json\/wp\/v2\/pages\/8568\/revisions\/10651"}],"wp:attachment":[{"href":"https:\/\/maritimefinance.ch\/fr\/wp-json\/wp\/v2\/media?parent=8568"}],"curies":[{"name":"wp","href":"https:\/\/api.w.org\/{rel}","templated":true}]}}