{"id":7421,"date":"2021-09-08T15:20:31","date_gmt":"2021-09-08T14:20:31","guid":{"rendered":"https:\/\/maritimefinanc.wpengine.com\/?page_id=7421"},"modified":"2024-04-15T13:34:02","modified_gmt":"2024-04-15T12:34:02","slug":"global-news","status":"publish","type":"page","link":"https:\/\/maritimefinance.ch\/fr\/actualites-mondiales\/","title":{"rendered":"ACTUALIT\u00c9S MONDIALES"},"content":{"rendered":"<div data-elementor-type=\"wp-page\" data-elementor-id=\"7421\" data-post-id=\"10079\" data-obj-id=\"10079\" class=\"elementor elementor-7421 dce-elementor-post-10079\" data-elementor-post-type=\"page\">\n\t\t\t\t\t\t<section data-dce-background-color=\"#FFFFFF\" data-dce-background-image-url=\"https:\/\/maritimefinance.dk\/wp-content\/uploads\/2024\/02\/GettyImages-124572734_Green-scaled.jpg\" class=\"elementor-section elementor-top-section elementor-element elementor-element-57f8ddc elementor-section-height-min-height elementor-section-items-stretch elementor-section-content-bottom elementor-section-boxed elementor-section-height-default\" data-id=\"57f8ddc\" data-element_type=\"section\" data-settings=\"{&quot;background_background&quot;:&quot;classic&quot;}\">\n\t\t\t\t\t\t\t<div class=\"elementor-background-overlay\"><\/div>\n\t\t\t\t\t\t\t<div class=\"elementor-container elementor-column-gap-custom\">\n\t\t\t\t\t<div class=\"elementor-column elementor-col-100 elementor-top-column elementor-element elementor-element-43b1650\" data-id=\"43b1650\" data-element_type=\"column\">\n\t\t\t<div class=\"elementor-widget-wrap elementor-element-populated\">\n\t\t\t\t\t\t<div class=\"elementor-element elementor-element-0672234 elementor-widget elementor-widget-heading\" data-id=\"0672234\" data-element_type=\"widget\" data-settings=\"{&quot;_animation&quot;:&quot;none&quot;}\" data-widget_type=\"heading.default\">\n\t\t\t\t<div class=\"elementor-widget-container\">\n\t\t\t<h1 class=\"elementor-heading-title elementor-size-default\">Actualit\u00e9s mondiales<\/h1>\t\t<\/div>\n\t\t\t\t<\/div>\n\t\t\t\t\t<\/div>\n\t\t<\/div>\n\t\t\t\t\t<\/div>\n\t\t<\/section>\n\t\t\t\t<section class=\"elementor-section elementor-top-section elementor-element elementor-element-6c613cf global_news_block elementor-section-boxed elementor-section-height-default elementor-section-height-default\" data-id=\"6c613cf\" data-element_type=\"section\">\n\t\t\t\t\t\t<div class=\"elementor-container elementor-column-gap-custom\">\n\t\t\t\t\t<div class=\"elementor-column elementor-col-100 elementor-top-column elementor-element elementor-element-4c83b32\" data-id=\"4c83b32\" data-element_type=\"column\">\n\t\t\t<div class=\"elementor-widget-wrap elementor-element-populated\">\n\t\t\t\t\t\t<div class=\"elementor-element elementor-element-111dbe5 ee-filters-align-left ee-grid-columns-3 ee-grid-columns-tablet-2 ee-grid-columns-mobile-1 ee-grid-align--stretch ee-grid-halign--left ee-posts-avatar-position-left elementor-widget elementor-widget-posts-extra\" data-id=\"111dbe5\" data-element_type=\"widget\" data-settings=\"{&quot;classic_grid_columns_spacing&quot;:{&quot;unit&quot;:&quot;px&quot;,&quot;size&quot;:60,&quot;sizes&quot;:[]},&quot;classic_filters&quot;:&quot;yes&quot;,&quot;columns&quot;:&quot;3&quot;,&quot;columns_tablet&quot;:&quot;2&quot;,&quot;columns_mobile&quot;:&quot;1&quot;,&quot;classic_layout&quot;:&quot;default&quot;,&quot;classic_grid_columns_spacing_tablet&quot;:{&quot;unit&quot;:&quot;px&quot;,&quot;size&quot;:12,&quot;sizes&quot;:[]},&quot;classic_grid_columns_spacing_mobile&quot;:{&quot;unit&quot;:&quot;px&quot;,&quot;size&quot;:0,&quot;sizes&quot;:[]}}\" data-widget_type=\"posts-extra.classic\">\n\t\t\t\t<div class=\"elementor-widget-container\">\n\t\t\t<ul class=\"ee-filters ee-filters--category\">\n\n\t\t\t\t\t\t<li class=\"ee-filters__item o-nav__item\"><a data-filter=\"*\" class=\"ee--active\">\n\t\t\t\tToutes les actualit\u00e9s\t\t\t<\/a><\/li>\n\t\t\t\n\t\t\t<li class=\"ee-filters__item o-nav__item ee-term ee-term--blog\">\n\t\t\t\t\t<a data-filter=\".ee-filter-26\" class=\"ee-term__link\">\n\t\t\t\t\t\tBlog\t\t\t\t\t\t\t\t\t\t\t<\/a>\n\t\t\t\t<\/li>\n\t\t\t\t\t<\/ul><div class=\"ee-grid ee-loop ee-grid--default\"><div class=\"ee-grid__item--sizer\"><\/div><div class=\"ee-grid__item ee-loop__item ee-filter-26\"><article class=\"ee-post post-10515 post type-post status-publish format-standard hentry category-blog\"><div class=\"ee-post__header ee-post__area\"><a href=\"https:\/\/maritimefinance.ch\/fr\/european-maritime-finance-organise-une-conference-sur-linvestissement-dans-le-transport-maritime-durable-a-neuchatel-en-suisse\/\" class=\"ee-post__title\">\n\t\t\t<h4 class=\"ee-post__title__heading\">European Maritime Finance organise une conf\u00e9rence sur l'investissement dans le transport maritime durable \u00e0 Neuch\u00e2tel, en Suisse<\/h4>\n\t\t<\/a><div class=\"ee-post__metas ee-post__metas--has-metas\"><ul class=\"ee-post__metas__list display--\"><li class=\"ee-post__meta ee-post__meta--date ee-post__metas__date\"> 7 novembre 2024<span class=\"ee-post__meta__separator\">\u00b7<\/span><\/li><\/ul><\/div><\/div><!-- .ee-post__header --><div class=\"ee-post__body ee-post__area\"><div class=\"ee-post__excerpt\">Neuch\u00e2tel, Suisse, 14 Novembre 2024 \u2013 Un grand succ\u00e8s pour notre derni\u00e8re conf\u00e9rence en Suisse romande, \u00e0 Neuch\u00e2tel ! Nous avons eu le plaisir d\u2019accueillir de futurs investisseurs au sein du prestigieux (...)<\/div><\/div><!-- .ee-post__body --><\/article><!-- .ee-post --><\/div><!-- .ee-loop__item --><div class=\"ee-grid__item ee-loop__item ee-filter-26\"><article class=\"ee-post post-10463 post type-post status-publish format-standard hentry category-blog\"><div class=\"ee-post__header ee-post__area\"><a href=\"https:\/\/maritimefinance.ch\/fr\/european-maritime-finance-celebre-louverture-dun-nouveau-bureau-a-oslo-en-norvege\/\" class=\"ee-post__title\">\n\t\t\t<h4 class=\"ee-post__title__heading\">European Maritime Finance (EMF) c\u00e9l\u00e8bre l'ouverture d'un nouveau bureau \u00e0 Oslo, en Norv\u00e8ge<\/h4>\n\t\t<\/a><div class=\"ee-post__metas ee-post__metas--has-metas\"><ul class=\"ee-post__metas__list display--\"><li class=\"ee-post__meta ee-post__meta--date ee-post__metas__date\"> 9 octobre 2023<span class=\"ee-post__meta__separator\">\u00b7<\/span><\/li><\/ul><\/div><\/div><!-- .ee-post__header --><div class=\"ee-post__body ee-post__area\"><div class=\"ee-post__excerpt\">Oslo, Norv\u00e8ge, 9 octobre 2024 - European Maritime Finance c\u00e9l\u00e8bre l'ouverture de son nouveau bureau \u00e0 Oslo, en Norv\u00e8ge. EMF a une longue histoire dans le pays et l'ouverture du bureau (...)<\/div><\/div><!-- .ee-post__body --><\/article><!-- .ee-post --><\/div><!-- .ee-loop__item --><div class=\"ee-grid__item ee-loop__item ee-filter-26\"><article class=\"ee-post post-10447 post type-post status-publish format-standard hentry category-blog\"><div class=\"ee-post__header ee-post__area\"><a href=\"https:\/\/maritimefinance.ch\/fr\/european-maritime-finance-organise-une-conference-sur-linvestissement-dans-le-transport-maritime-durable-a-lausanne-en-suisse\/\" class=\"ee-post__title\">\n\t\t\t<h4 class=\"ee-post__title__heading\">European Maritime Finance organise une conf\u00e9rence sur l'investissement dans le transport maritime durable \u00e0 Lausanne, en Suisse<\/h4>\n\t\t<\/a><div class=\"ee-post__metas ee-post__metas--has-metas\"><ul class=\"ee-post__metas__list display--\"><li class=\"ee-post__meta ee-post__meta--date ee-post__metas__date\"> 4 octobre 2023<span class=\"ee-post__meta__separator\">\u00b7<\/span><\/li><\/ul><\/div><\/div><!-- .ee-post__header --><div class=\"ee-post__body ee-post__area\"><div class=\"ee-post__excerpt\">Lausanne, Suisse, 3 octobre 2024 \u2013 Un grand succ\u00e8s pour notre 3e conf\u00e9rence en Suisse romande  \u00e0 Lausanne ! Nous avons \u00e9t\u00e9 ravis d'accueillir (...)<\/div><\/div><!-- .ee-post__body --><\/article><!-- .ee-post --><\/div><!-- .ee-loop__item --><div class=\"ee-grid__item ee-loop__item ee-filter-26\"><article class=\"ee-post post-10379 post type-post status-publish format-standard hentry category-blog\"><div class=\"ee-post__header ee-post__area\"><a href=\"https:\/\/maritimefinance.ch\/fr\/european-maritime-finance-organise-une-conference-sur-linvestissement-dans-le-transport-maritime-durable-a-geneve-suisse\/\" class=\"ee-post__title\">\n\t\t\t<h4 class=\"ee-post__title__heading\">European Maritime Finance organise une conf\u00e9rence sur l'investissement dans le transport maritime durable \u00e0 Gen\u00e8ve, en Suisse<\/h4>\n\t\t<\/a><div class=\"ee-post__metas ee-post__metas--has-metas\"><ul class=\"ee-post__metas__list display--\"><li class=\"ee-post__meta ee-post__meta--date ee-post__metas__date translation-block\">19 septembre 2024<\/li><\/ul><\/div><\/div><!-- .ee-post__header --><div class=\"ee-post__body ee-post__area\"><div class=\"ee-post__excerpt\">Gen\u00e8ve, Suisse, 19 septembre 2024 - La conf\u00e9rence s'est tenue au c\u00e9l\u00e8bre H\u00f4tel Pr\u00e9sident Wilson, sur les rives du lac L\u00e9man. Nous avons \u00e9t\u00e9 ravis (...)<\/div><\/div><!-- .ee-post__body --><\/article><!-- .ee-post --><\/div><!-- .ee-loop__item --><div class=\"ee-grid__item ee-loop__item ee-filter-26\"><article class=\"ee-post post-10366 post type-post status-publish format-standard hentry category-blog\"><div class=\"ee-post__header ee-post__area\"><a href=\"https:\/\/maritimefinance.ch\/fr\/european-maritime-finance-organise-une-conference-sur-linvestissement-dans-le-transport-maritime-durable-a-zurich-suisse\/\" class=\"ee-post__title\">\n\t\t\t<h4 class=\"ee-post__title__heading\">European Maritime Finance organise une conf\u00e9rence sur l'investissement dans le transport maritime durable \u00e0 Z\u00fcrich, en Suisse<\/h4>\n\t\t<\/a><div class=\"ee-post__metas ee-post__metas--has-metas\"><ul class=\"ee-post__metas__list display--\"><li class=\"ee-post__meta ee-post__meta--date ee-post__metas__date\"> 14 septembre 2024<span class=\"ee-post__meta__separator\">\u00b7<\/span><\/li><\/ul><\/div><\/div><!-- .ee-post__header --><div class=\"ee-post__body ee-post__area\"><div class=\"ee-post__excerpt\">Zurich, Switzerland, 14 Septembre 2024 \u2013 La conf\u00e9rence s'est d\u00e9roul\u00e9e au c\u00e9l\u00e8bre Dolder Grand Hotel construit en 1899. Zurich a \u00e9t\u00e9 choisie comme lieu de conf\u00e9rence (...)<\/div><\/div><!-- .ee-post__body --><\/article><!-- .ee-post --><\/div><!-- .ee-loop__item --><div class=\"ee-grid__item ee-loop__item ee-filter-26\"><article class=\"ee-post post-10337 post type-post status-publish format-standard hentry category-blog\"><div class=\"ee-post__header ee-post__area\"><a href=\"https:\/\/maritimefinance.ch\/fr\/european-maritime-finance-et-hd-hyundai-heavy-industries-celebrent-leur-partenariat-pour-lacquisition-de-trois-navires-transporteurs-de-88000-m3-de-gaz-naturel-liquefie-gpl-et-dammoniac\/\" class=\"ee-post__title\">\n\t\t\t<h4 class=\"ee-post__title__heading\">European Maritime Finance et HD Hyundai Heavy Industries c\u00e9l\u00e8brent leur partenariat pour l'acquisition de trois navires transporteurs de 88'000 m\u00b3 de gaz naturel liqu\u00e9fi\u00e9 (GPL) et d'ammoniac<\/h4>\n\t\t<\/a><div class=\"ee-post__metas ee-post__metas--has-metas\"><ul class=\"ee-post__metas__list display--\"><li class=\"ee-post__meta ee-post__meta--date ee-post__metas__date\"> 29 ao\u00fbt 2024<span class=\"ee-post__meta__separator\">\u00b7<\/span><\/li><\/ul><\/div><\/div><!-- .ee-post__header --><div class=\"ee-post__body ee-post__area\"><div class=\"ee-post__excerpt\">Copenhague, Danemark, 29 ao\u00fbt 2024\n - HD Hyundai Heavy Industries (HHI) et European Maritime Finance (EMF) c\u00e9l\u00e8brent leur partenariat lors d'une c\u00e9r\u00e9monie organis\u00e9e \u00e0 l'occasion de leur r\u00e9cente commande (...)<\/div><\/div><!-- .ee-post__body --><\/article><!-- .ee-post --><\/div><!-- .ee-loop__item --><div class=\"ee-grid__item ee-loop__item ee-filter-26\"><article class=\"ee-post post-10262 post type-post status-publish format-standard hentry category-blog\"><div class=\"ee-post__header ee-post__area\"><a href=\"https:\/\/maritimefinance.ch\/fr\/european-maritime-finance-organise-une-conference-sur-le-transport-maritime-durable-a-oslo-norvege\/\" class=\"ee-post__title\">\n\t\t\t<h4 class=\"ee-post__title__heading\">European Maritime Finance organise une conf\u00e9rence sur le transport maritime durable \u00e0 Oslo, Norv\u00e8ge<\/h4>\n\t\t<\/a><div class=\"ee-post__metas ee-post__metas--has-metas\"><ul class=\"ee-post__metas__list display--\"><li class=\"ee-post__meta ee-post__meta--date ee-post__metas__date\"> 23 ao\u00fbt 2024<span class=\"ee-post__meta__separator\">\u00b7<\/span><\/li><\/ul><\/div><\/div><!-- .ee-post__header --><div class=\"ee-post__body ee-post__area\"><div class=\"ee-post__excerpt\">Oslo, Norv\u00e8ge, le 23 ao\u00fbt 2024 \u2013 La r\u00e9union s'est tenue dans l'historique Gamle Logen, construit en 1836. European Maritime Finance a accueilli la conf\u00e9rence sur le transport maritime durable \u00e0 Oslo (...)<\/div><\/div><!-- .ee-post__body --><\/article><!-- .ee-post --><\/div><!-- .ee-loop__item --><div class=\"ee-grid__item ee-loop__item ee-filter-26\"><article class=\"ee-post post-10109 post type-post status-publish format-standard hentry category-blog\"><div class=\"ee-post__header ee-post__area\"><a href=\"https:\/\/maritimefinance.ch\/fr\/stephen-schueler-president-de-la-green-transition-et-directeur-general-emf-participe-a-levenement-du-4-juillet-organise-par-lambassadeur-des-etats-unis-a-copenhague\/\" class=\"ee-post__title\">\n\t\t\t<h4 class=\"ee-post__title__heading\">Stephen Schueler, Pr\u00e9sident de la Green Transition et Directeur G\u00e9n\u00e9ral EMF, participe \u00e0 l'\u00e9v\u00e9nement du 4 juillet, organis\u00e9 par l'ambassadeur des \u00c9tats-Unis \u00e0 Copenhague<\/h4>\n\t\t<\/a><div class=\"ee-post__metas ee-post__metas--has-metas\"><ul class=\"ee-post__metas__list display--\"><li class=\"ee-post__meta ee-post__meta--date ee-post__metas__date\"> 8 juillet 2024<span class=\"ee-post__meta__separator\">\u00b7<\/span><\/li><\/ul><\/div><\/div><!-- .ee-post__header --><div class=\"ee-post__body ee-post__area\"><div class=\"ee-post__excerpt\">Copenhague, Danemark, le 8 juillet 2024 - Stephen Schueler, pr\u00e9sident de la Green Transition et Directeur des op\u00e9rations d'European Maritime Finance, a particip\u00e9 \u00e0 l'\u00e9v\u00e9nement du 4 juillet (...)<\/div><\/div><!-- .ee-post__body --><\/article><!-- .ee-post --><\/div><!-- .ee-loop__item --><div class=\"ee-grid__item ee-loop__item ee-filter-26\"><article class=\"ee-post post-10079 post type-post status-publish format-standard hentry category-blog\"><div class=\"ee-post__header ee-post__area\"><a href=\"https:\/\/maritimefinance.ch\/fr\/stephen-schueler-president-de-la-green-transition-et-coo-participe-a-la-conference-invest-denmark-organisee-par-la-danish-industrie-et-le-ministere-des-affaires-etrangeres\/\" class=\"ee-post__title\">\n\t\t\t<h4 class=\"ee-post__title__heading\">Stephen Schueler, Pr\u00e9sident de la \"Green Transition\" et COO, participe \u00e0 la conf\u00e9rence \"Invest Denmark\", organis\u00e9e par la Danish Industry et le Minist\u00e8re des affaires \u00e9trang\u00e8res<\/h4>\n\t\t<\/a><div class=\"ee-post__metas ee-post__metas--has-metas\"><ul class=\"ee-post__metas__list display--\"><li class=\"ee-post__meta ee-post__meta--date ee-post__metas__date\"> 2 juillet 2024<span class=\"ee-post__meta__separator\">\u00b7<\/span><\/li><\/ul><\/div><\/div><!-- .ee-post__header --><div class=\"ee-post__body ee-post__area\"><div class=\"ee-post__excerpt\">Copenhague, Danemark, le 2 juillet 2024 - Stephen Schueler, Pr\u00e9sident de la \"Green Transition\" et Directeur des op\u00e9rations pour European Maritime Finance, participe \u00e0 la conf\u00e9rence \"Invest Denmark\" (...)<\/div><\/div><!-- .ee-post__body --><\/article><!-- .ee-post --><\/div><!-- .ee-loop__item --><\/div><!-- .ee-loop --><nav aria-label=\"Pagination\" class=\"ee-pagination\" role=\"navigation\"><span aria-current=\"page\" class=\"page-numbers current\"><span class=\"elementor-screen-only\">Page <\/span>1<\/span>\n<a class=\"page-numbers\" href=\"https:\/\/maritimefinance.ch\/fr\/wp-json\/wp\/v2\/pages\/7421\/page\/2\/\"><span class=\"elementor-screen-only\">Page <\/span>2<\/a>\n<a class=\"page-numbers\" href=\"https:\/\/maritimefinance.ch\/fr\/wp-json\/wp\/v2\/pages\/7421\/page\/3\/\"><span class=\"elementor-screen-only\">Page <\/span>3<\/a>\n<a class=\"page-numbers\" href=\"https:\/\/maritimefinance.ch\/fr\/wp-json\/wp\/v2\/pages\/7421\/page\/4\/\"><span class=\"elementor-screen-only\">Page <\/span>4<\/a>\n<a class=\"page-numbers\" href=\"https:\/\/maritimefinance.ch\/fr\/wp-json\/wp\/v2\/pages\/7421\/page\/5\/\"><span class=\"elementor-screen-only\">Page <\/span>5<\/a><a class=\"ee-pagination__next page-numbers\" href=\"https:\/\/maritimefinance.ch\/fr\/wp-json\/wp\/v2\/pages\/7421\/page\/2\/\">Suivant \u2192<\/a><\/nav>\t\t<\/div>\n\t\t\t\t<\/div>\n\t\t\t\t\t<\/div>\n\t\t<\/div>\n\t\t\t\t\t<\/div>\n\t\t<\/section>\n\t\t\t\t<\/div>","protected":false},"excerpt":{"rendered":"<p>GLOBAL NEWS All News Blog European Maritime Finance hosts successful sustainable shipping investment event in Copenhagen April 5, 2024\u00b7 The meeting was held at S\u00f8lyst, the Denmark Royal Hunting Club which was founded in 1443. European Maritime Finance is committed to fostering collaboration across the marine industry, placing a strong emphasis on sustainability-focused investing. The [&hellip;]<\/p>","protected":false},"author":20,"featured_media":0,"parent":0,"menu_order":0,"comment_status":"closed","ping_status":"closed","template":"","meta":{"_acf_changed":false,"content-type":"","footnotes":""},"acf":[],"yoast_head":"<!-- This site is optimized with the Yoast SEO plugin v22.7 - https:\/\/yoast.com\/wordpress\/plugins\/seo\/ -->\n<title>Global News - European Maritime Finance<\/title>\n<meta name=\"robots\" content=\"index, follow, max-snippet:-1, max-image-preview:large, max-video-preview:-1\" \/>\n<link rel=\"canonical\" href=\"https:\/\/maritimefinance.ch\/fr\/actualites-mondiales\/\" \/>\n<meta property=\"og:locale\" content=\"fr_FR\" \/>\n<meta property=\"og:type\" content=\"article\" \/>\n<meta property=\"og:title\" content=\"Global News - European Maritime Finance\" \/>\n<meta property=\"og:description\" content=\"GLOBAL NEWS All News Blog European Maritime Finance hosts successful sustainable shipping investment event in Copenhagen April 5, 2024\u00b7 The meeting was held at S\u00f8lyst, the Denmark Royal Hunting Club which was founded in 1443. European Maritime Finance is committed to fostering collaboration across the marine industry, placing a strong emphasis on sustainability-focused investing. The [&hellip;]\" \/>\n<meta property=\"og:url\" content=\"https:\/\/maritimefinance.ch\/fr\/actualites-mondiales\/\" \/>\n<meta property=\"og:site_name\" content=\"European Maritime Finance\" \/>\n<meta property=\"article:publisher\" content=\"https:\/\/m.facebook.com\/maritimefinancech\" \/>\n<meta property=\"article:modified_time\" content=\"2024-04-15T12:34:02+00:00\" \/>\n<meta name=\"twitter:card\" content=\"summary_large_image\" \/>\n<meta name=\"twitter:site\" content=\"@EMFSwitzerland\" \/>\n<meta name=\"twitter:label1\" content=\"Dur\u00e9e de lecture estim\u00e9e\" \/>\n\t<meta name=\"twitter:data1\" content=\"4 minutes\" \/>\n<script type=\"application\/ld+json\" class=\"yoast-schema-graph\">{\"@context\":\"https:\/\/schema.org\",\"@graph\":[{\"@type\":\"WebPage\",\"@id\":\"https:\/\/maritimefinance.ch\/global-news\/\",\"url\":\"https:\/\/maritimefinance.ch\/global-news\/\",\"name\":\"Global News - European Maritime Finance\",\"isPartOf\":{\"@id\":\"https:\/\/maritimefinance.ch\/#website\"},\"datePublished\":\"2021-09-08T14:20:31+00:00\",\"dateModified\":\"2024-04-15T12:34:02+00:00\",\"breadcrumb\":{\"@id\":\"https:\/\/maritimefinance.ch\/global-news\/#breadcrumb\"},\"inLanguage\":\"fr-FR\",\"potentialAction\":[{\"@type\":\"ReadAction\",\"target\":[\"https:\/\/maritimefinance.ch\/global-news\/\"]}]},{\"@type\":\"BreadcrumbList\",\"@id\":\"https:\/\/maritimefinance.ch\/global-news\/#breadcrumb\",\"itemListElement\":[{\"@type\":\"ListItem\",\"position\":1,\"name\":\"Home\",\"item\":\"https:\/\/maritimefinance.ch\/\"},{\"@type\":\"ListItem\",\"position\":2,\"name\":\"Global News\"}]},{\"@type\":\"WebSite\",\"@id\":\"https:\/\/maritimefinance.ch\/#website\",\"url\":\"https:\/\/maritimefinance.ch\/\",\"name\":\"European Maritime Finance\",\"description\":\"European Maritime Finance AG\",\"publisher\":{\"@id\":\"https:\/\/maritimefinance.ch\/#organization\"},\"potentialAction\":[{\"@type\":\"SearchAction\",\"target\":{\"@type\":\"EntryPoint\",\"urlTemplate\":\"https:\/\/maritimefinance.ch\/?s={search_term_string}\"},\"query-input\":\"required name=search_term_string\"}],\"inLanguage\":\"fr-FR\"},{\"@type\":\"Organization\",\"@id\":\"https:\/\/maritimefinance.ch\/#organization\",\"name\":\"European Maritime Finance\",\"url\":\"https:\/\/maritimefinance.ch\/\",\"logo\":{\"@type\":\"ImageObject\",\"inLanguage\":\"fr-FR\",\"@id\":\"https:\/\/maritimefinance.ch\/#\/schema\/logo\/image\/\",\"url\":\"https:\/\/maritimefinance.ch\/wp-content\/uploads\/2020\/03\/cropped-EMF-2.png\",\"contentUrl\":\"https:\/\/maritimefinance.ch\/wp-content\/uploads\/2020\/03\/cropped-EMF-2.png\",\"width\":600,\"height\":632,\"caption\":\"European Maritime Finance\"},\"image\":{\"@id\":\"https:\/\/maritimefinance.ch\/#\/schema\/logo\/image\/\"},\"sameAs\":[\"https:\/\/m.facebook.com\/maritimefinancech\",\"https:\/\/x.com\/EMFSwitzerland\"]}]}<\/script>\n<!-- \/ Yoast SEO plugin. -->","yoast_head_json":{"title":"Global News - European Maritime Finance","robots":{"index":"index","follow":"follow","max-snippet":"max-snippet:-1","max-image-preview":"max-image-preview:large","max-video-preview":"max-video-preview:-1"},"canonical":"https:\/\/maritimefinance.ch\/fr\/actualites-mondiales\/","og_locale":"fr_FR","og_type":"article","og_title":"Global News - European Maritime Finance","og_description":"GLOBAL NEWS All News Blog European Maritime Finance hosts successful sustainable shipping investment event in Copenhagen April 5, 2024\u00b7 The meeting was held at S\u00f8lyst, the Denmark Royal Hunting Club which was founded in 1443. European Maritime Finance is committed to fostering collaboration across the marine industry, placing a strong emphasis on sustainability-focused investing. The [&hellip;]","og_url":"https:\/\/maritimefinance.ch\/fr\/actualites-mondiales\/","og_site_name":"European Maritime Finance","article_publisher":"https:\/\/m.facebook.com\/maritimefinancech","article_modified_time":"2024-04-15T12:34:02+00:00","twitter_card":"summary_large_image","twitter_site":"@EMFSwitzerland","twitter_misc":{"Dur\u00e9e de lecture estim\u00e9e":"4 minutes"},"schema":{"@context":"https:\/\/schema.org","@graph":[{"@type":"WebPage","@id":"https:\/\/maritimefinance.ch\/global-news\/","url":"https:\/\/maritimefinance.ch\/global-news\/","name":"Global News - European Maritime Finance","isPartOf":{"@id":"https:\/\/maritimefinance.ch\/#website"},"datePublished":"2021-09-08T14:20:31+00:00","dateModified":"2024-04-15T12:34:02+00:00","breadcrumb":{"@id":"https:\/\/maritimefinance.ch\/global-news\/#breadcrumb"},"inLanguage":"fr-FR","potentialAction":[{"@type":"ReadAction","target":["https:\/\/maritimefinance.ch\/global-news\/"]}]},{"@type":"BreadcrumbList","@id":"https:\/\/maritimefinance.ch\/global-news\/#breadcrumb","itemListElement":[{"@type":"ListItem","position":1,"name":"Home","item":"https:\/\/maritimefinance.ch\/"},{"@type":"ListItem","position":2,"name":"Global News"}]},{"@type":"WebSite","@id":"https:\/\/maritimefinance.ch\/#website","url":"https:\/\/maritimefinance.ch\/","name":"European Maritime Finance","description":"European Maritime Finance AG","publisher":{"@id":"https:\/\/maritimefinance.ch\/#organization"},"potentialAction":[{"@type":"SearchAction","target":{"@type":"EntryPoint","urlTemplate":"https:\/\/maritimefinance.ch\/?s={search_term_string}"},"query-input":"required name=search_term_string"}],"inLanguage":"fr-FR"},{"@type":"Organization","@id":"https:\/\/maritimefinance.ch\/#organization","name":"European Maritime Finance","url":"https:\/\/maritimefinance.ch\/","logo":{"@type":"ImageObject","inLanguage":"fr-FR","@id":"https:\/\/maritimefinance.ch\/#\/schema\/logo\/image\/","url":"https:\/\/maritimefinance.ch\/wp-content\/uploads\/2020\/03\/cropped-EMF-2.png","contentUrl":"https:\/\/maritimefinance.ch\/wp-content\/uploads\/2020\/03\/cropped-EMF-2.png","width":600,"height":632,"caption":"European Maritime Finance"},"image":{"@id":"https:\/\/maritimefinance.ch\/#\/schema\/logo\/image\/"},"sameAs":["https:\/\/m.facebook.com\/maritimefinancech","https:\/\/x.com\/EMFSwitzerland"]}]}},"_links":{"self":[{"href":"https:\/\/maritimefinance.ch\/fr\/wp-json\/wp\/v2\/pages\/7421"}],"collection":[{"href":"https:\/\/maritimefinance.ch\/fr\/wp-json\/wp\/v2\/pages"}],"about":[{"href":"https:\/\/maritimefinance.ch\/fr\/wp-json\/wp\/v2\/types\/page"}],"author":[{"embeddable":true,"href":"https:\/\/maritimefinance.ch\/fr\/wp-json\/wp\/v2\/users\/20"}],"replies":[{"embeddable":true,"href":"https:\/\/maritimefinance.ch\/fr\/wp-json\/wp\/v2\/comments?post=7421"}],"version-history":[{"count":12,"href":"https:\/\/maritimefinance.ch\/fr\/wp-json\/wp\/v2\/pages\/7421\/revisions"}],"predecessor-version":[{"id":9226,"href":"https:\/\/maritimefinance.ch\/fr\/wp-json\/wp\/v2\/pages\/7421\/revisions\/9226"}],"wp:attachment":[{"href":"https:\/\/maritimefinance.ch\/fr\/wp-json\/wp\/v2\/media?parent=7421"}],"curies":[{"name":"wp","href":"https:\/\/api.w.org\/{rel}","templated":true}]}}