{"id":7343,"date":"2021-06-28T14:06:39","date_gmt":"2021-06-28T13:06:39","guid":{"rendered":"https:\/\/maritimefinanc.wpengine.com\/?page_id=7343"},"modified":"2024-04-23T13:17:31","modified_gmt":"2024-04-23T12:17:31","slug":"career","status":"publish","type":"page","link":"https:\/\/maritimefinance.ch\/fr\/carriere\/","title":{"rendered":"Carri\u00e8re"},"content":{"rendered":"<div data-elementor-type=\"wp-page\" data-elementor-id=\"7343\" data-post-id=\"7343\" data-obj-id=\"7343\" class=\"elementor elementor-7343 dce-elementor-post-7343\" data-elementor-post-type=\"page\">\n\t\t\t\t\t\t<section data-dce-background-color=\"#FFFFFF\" data-dce-background-image-url=\"https:\/\/maritimefinance.dk\/wp-content\/uploads\/2021\/08\/Career.jpg\" class=\"elementor-section elementor-top-section elementor-element elementor-element-dc73ff6 elementor-section-height-min-height elementor-section-items-stretch elementor-section-content-bottom elementor-section-boxed elementor-section-height-default\" data-id=\"dc73ff6\" data-element_type=\"section\" data-settings=\"{&quot;background_background&quot;:&quot;classic&quot;}\">\n\t\t\t\t\t\t\t<div class=\"elementor-background-overlay\"><\/div>\n\t\t\t\t\t\t\t<div class=\"elementor-container elementor-column-gap-custom\">\n\t\t\t\t\t<div class=\"elementor-column elementor-col-100 elementor-top-column elementor-element elementor-element-6ca4795\" data-id=\"6ca4795\" data-element_type=\"column\">\n\t\t\t<div class=\"elementor-widget-wrap elementor-element-populated\">\n\t\t\t\t\t\t<div class=\"elementor-element elementor-element-f48529f elementor-invisible elementor-widget elementor-widget-heading\" data-id=\"f48529f\" data-element_type=\"widget\" data-settings=\"{&quot;_animation&quot;:&quot;fadeIn&quot;}\" data-widget_type=\"heading.default\">\n\t\t\t\t<div class=\"elementor-widget-container\">\n\t\t\t<h1 class=\"elementor-heading-title elementor-size-default\">CARRI\u00c8RE<\/h1>\t\t<\/div>\n\t\t\t\t<\/div>\n\t\t\t\t\t<\/div>\n\t\t<\/div>\n\t\t\t\t\t<\/div>\n\t\t<\/section>\n\t\t\t\t<section class=\"elementor-section elementor-top-section elementor-element elementor-element-21dabd6 elementor-section-boxed elementor-section-height-default elementor-section-height-default\" data-id=\"21dabd6\" data-element_type=\"section\">\n\t\t\t\t\t\t<div class=\"elementor-container elementor-column-gap-custom\">\n\t\t\t\t\t<div class=\"elementor-column elementor-col-66 elementor-top-column elementor-element elementor-element-2628037\" data-id=\"2628037\" data-element_type=\"column\">\n\t\t\t<div class=\"elementor-widget-wrap elementor-element-populated\">\n\t\t\t\t\t\t<div class=\"elementor-element elementor-element-72f19c2 elementor-widget__width-initial elementor-widget elementor-widget-heading\" data-id=\"72f19c2\" data-element_type=\"widget\" data-widget_type=\"heading.default\">\n\t\t\t\t<div class=\"elementor-widget-container\">\n\t\t\t<h3 class=\"elementor-heading-title elementor-size-default\">Nous sommes toujours \u00e0 la recherche de personnes ou d'\u00e9quipes pouvant nous aider \u00e0 d\u00e9velopper notre entreprise tout en respectant nos valeurs fondamentales.\n<\/h3>\t\t<\/div>\n\t\t\t\t<\/div>\n\t\t\t\t<div class=\"elementor-element elementor-element-ac1e485 elementor-widget elementor-widget-spacer\" data-id=\"ac1e485\" data-element_type=\"widget\" data-widget_type=\"spacer.default\">\n\t\t\t\t<div class=\"elementor-widget-container\">\n\t\t\t\t\t<div class=\"elementor-spacer\">\n\t\t\t<div class=\"elementor-spacer-inner\"><\/div>\n\t\t<\/div>\n\t\t\t\t<\/div>\n\t\t\t\t<\/div>\n\t\t\t\t<div class=\"elementor-element elementor-element-fdf99ab elementor-widget elementor-widget-heading\" data-id=\"fdf99ab\" data-element_type=\"widget\" data-widget_type=\"heading.default\">\n\t\t\t\t<div class=\"elementor-widget-container\">\n\t\t\t<h3 class=\"elementor-heading-title elementor-size-default\">Vous \u00eates invit\u00e9s \u00e0 postuler pour les offres d'emploi annonc\u00e9es ou \u00e0 envoyer une candidature spontan\u00e9e.<\/h3>\t\t<\/div>\n\t\t\t\t<\/div>\n\t\t\t\t<div class=\"elementor-element elementor-element-441dcb0 elementor-button-align-center elementor-widget elementor-widget-form\" data-id=\"441dcb0\" data-element_type=\"widget\" data-settings=\"{&quot;step_next_label&quot;:&quot;Next&quot;,&quot;step_previous_label&quot;:&quot;Previous&quot;,&quot;_animation&quot;:&quot;none&quot;,&quot;_animation_delay&quot;:600,&quot;button_width&quot;:&quot;100&quot;,&quot;step_type&quot;:&quot;number_text&quot;,&quot;step_icon_shape&quot;:&quot;circle&quot;}\" data-widget_type=\"form.default\">\n\t\t\t\t<div class=\"elementor-widget-container\">\n\t\t\t\t\t<form class=\"elementor-form\" method=\"post\" id=\"EMF_market_news\" name=\"Contact us - website\">\n\t\t\t<input type=\"hidden\" name=\"post_id\" value=\"7343\"\/>\n\t\t\t<input type=\"hidden\" name=\"form_id\" value=\"441dcb0\"\/>\n\t\t\t<input type=\"hidden\" name=\"referer_title\" value=\"European Maritime Finance\" \/>\n\n\t\t\t\n\t\t\t<div class=\"elementor-form-fields-wrapper elementor-labels-\">\n\t\t\t\t\t\t\t\t<div class=\"elementor-field-type-text elementor-field-group elementor-column elementor-field-group-first_name elementor-col-50 elementor-field-required\">\n\t\t\t\t\t\t\t\t\t\t\t\t<label for=\"form-field-first_name\" class=\"elementor-field-label elementor-screen-only\">\n\t\t\t\t\t\t\t\tFirst Name\t\t\t\t\t\t\t<\/label>\n\t\t\t\t\t\t\t\t\t\t\t\t\t\t<input size=\"1\" type=\"text\" name=\"form_fields[first_name]\" id=\"form-field-first_name\" class=\"elementor-field elementor-size-sm  elementor-field-textual\" placeholder=\"Pr\u00e9nom *\" required=\"required\" aria-required=\"true\">\n\t\t\t\t\t\t\t\t\t\t\t<\/div>\n\t\t\t\t\t\t\t\t<div class=\"elementor-field-type-text elementor-field-group elementor-column elementor-field-group-last_name elementor-col-50 elementor-sm-100 elementor-field-required\">\n\t\t\t\t\t\t\t\t\t\t\t\t<label for=\"form-field-last_name\" class=\"elementor-field-label elementor-screen-only\">\n\t\t\t\t\t\t\t\tLast Name\t\t\t\t\t\t\t<\/label>\n\t\t\t\t\t\t\t\t\t\t\t\t\t\t<input size=\"1\" type=\"text\" name=\"form_fields[last_name]\" id=\"form-field-last_name\" class=\"elementor-field elementor-size-sm  elementor-field-textual\" placeholder=\"Nom *\" required=\"required\" aria-required=\"true\">\n\t\t\t\t\t\t\t\t\t\t\t<\/div>\n\t\t\t\t\t\t\t\t<div class=\"elementor-field-type-email elementor-field-group elementor-column elementor-field-group-email elementor-col-50 elementor-sm-100 elementor-field-required\">\n\t\t\t\t\t\t\t\t\t\t\t\t<label for=\"form-field-email\" class=\"elementor-field-label elementor-screen-only\">\n\t\t\t\t\t\t\t\tE-mail\t\t\t\t\t\t\t<\/label>\n\t\t\t\t\t\t\t\t\t\t\t\t\t\t<input size=\"1\" type=\"email\" name=\"form_fields[email]\" id=\"form-field-email\" class=\"elementor-field elementor-size-sm  elementor-field-textual\" placeholder=\"E-mail *\" required=\"required\" aria-required=\"true\">\n\t\t\t\t\t\t\t\t\t\t\t<\/div>\n\t\t\t\t\t\t\t\t<div class=\"elementor-field-type-tel elementor-field-group elementor-column elementor-field-group-field_d486626 elementor-col-50\">\n\t\t\t\t\t\t\t\t\t\t\t\t<label for=\"form-field-field_d486626\" class=\"elementor-field-label elementor-screen-only\">\n\t\t\t\t\t\t\t\tNum\u00e9ro de t\u00e9l\u00e9phone\t\t\t\t\t\t\t<\/label>\n\t\t\t\t\t\t\t\t<input size=\"1\" type=\"tel\" name=\"form_fields[field_d486626]\" id=\"form-field-field_d486626\" class=\"elementor-field elementor-size-sm  elementor-field-textual\" placeholder=\"T\u00e9l\u00e9phone *\" pattern=\"[0-9()#&amp;+*-=.]+\" title=\"Seuls les caract\u00e8res de num\u00e9ros de t\u00e9l\u00e9phone (#, -, *, etc.) sont accept\u00e9s.\">\n\n\t\t\t\t\t\t<\/div>\n\t\t\t\t\t\t\t\t<div class=\"elementor-field-type-textarea elementor-field-group elementor-column elementor-field-group-message elementor-col-100 elementor-sm-100 elementor-field-required\">\n\t\t\t\t\t\t\t\t\t\t\t\t<label for=\"form-field-message\" class=\"elementor-field-label elementor-screen-only\">\n\t\t\t\t\t\t\t\tMessage *\t\t\t\t\t\t\t<\/label>\n\t\t\t\t\t\t<textarea class=\"elementor-field-textual elementor-field  elementor-size-sm\" name=\"form_fields[message]\" id=\"form-field-message\" rows=\"4\" placeholder=\"Message *\" required=\"required\" aria-required=\"true\"><\/textarea>\t\t\t\t<\/div>\n\t\t\t\t\t\t\t\t<div class=\"elementor-field-type-text\">\n\t\t\t\t\t<input size=\"1\" type=\"text\" name=\"form_fields[field_43d75a6]\" id=\"form-field-field_43d75a6\" class=\"elementor-field elementor-size-sm\" style=\"display:none !important;\">\t\t\t\t<\/div>\n\t\t\t\t\t\t\t\t<div class=\"elementor-field-type-recaptcha_v3 elementor-field-group elementor-column elementor-field-group-Captcha_contact elementor-col-100 recaptcha_v3-bottomright\">\n\t\t\t\t\t<div class=\"elementor-field\" id=\"form-field-Captcha_contact\"><div class=\"elementor-g-recaptcha\" data-sitekey=\"6LeEz-UpAAAAAB1ZAVdNfbvW-KJ2wu4nbwwVfVyh\" data-type=\"v3\" data-action=\"Form\" data-badge=\"bottomright\" data-size=\"invisible\"><\/div><\/div>\t\t\t\t<\/div>\n\t\t\t\t\t\t\t\t<div class=\"elementor-field-group elementor-column elementor-field-type-submit elementor-col-100 e-form__buttons\">\n\t\t\t\t\t<button type=\"submit\" class=\"elementor-button elementor-size-md\" id=\"Message_EMF\">\n\t\t\t\t\t\t<span >\n\t\t\t\t\t\t\t\t\t\t\t\t\t\t\t<span class=\"elementor-button-icon\">\n\t\t\t\t\t\t\t\t\t\t\t\t\t\t\t\t\t\t\t\t\t\t\t\t\t\t<\/span>\n\t\t\t\t\t\t\t\t\t\t\t\t\t\t\t\t\t\t\t\t\t\t<span class=\"elementor-button-text\">Envoyez votre demande<\/span>\n\t\t\t\t\t\t\t\t\t\t\t\t\t<\/span>\n\t\t\t\t\t<\/button>\n\t\t\t\t<\/div>\n\t\t\t<\/div>\n\t\t<input type=\"hidden\" name=\"trp-form-language\" value=\"fr\"\/><\/form>\n\t\t\t\t<\/div>\n\t\t\t\t<\/div>\n\t\t\t\t\t<\/div>\n\t\t<\/div>\n\t\t\t\t<div class=\"elementor-column elementor-col-33 elementor-top-column elementor-element elementor-element-d42775a\" data-id=\"d42775a\" data-element_type=\"column\">\n\t\t\t<div class=\"elementor-widget-wrap\">\n\t\t\t\t\t\t\t<\/div>\n\t\t<\/div>\n\t\t\t\t\t<\/div>\n\t\t<\/section>\n\t\t\t\t<section class=\"elementor-section elementor-top-section elementor-element elementor-element-08d1aea elementor-section-boxed elementor-section-height-default elementor-section-height-default\" data-id=\"08d1aea\" data-element_type=\"section\">\n\t\t\t\t\t\t<div class=\"elementor-container elementor-column-gap-default\">\n\t\t\t\t\t<div class=\"elementor-column elementor-col-100 elementor-top-column elementor-element elementor-element-2c8f594\" data-id=\"2c8f594\" data-element_type=\"column\">\n\t\t\t<div class=\"elementor-widget-wrap\">\n\t\t\t\t\t\t\t<\/div>\n\t\t<\/div>\n\t\t\t\t\t<\/div>\n\t\t<\/section>\n\t\t\t\t<section class=\"elementor-section elementor-top-section elementor-element elementor-element-48a4c66 elementor-hidden-desktop elementor-hidden-tablet elementor-hidden-mobile elementor-section-boxed elementor-section-height-default elementor-section-height-default\" data-id=\"48a4c66\" data-element_type=\"section\">\n\t\t\t\t\t\t<div class=\"elementor-container elementor-column-gap-custom\">\n\t\t\t\t\t<div class=\"elementor-column elementor-col-66 elementor-top-column elementor-element elementor-element-7807987\" data-id=\"7807987\" data-element_type=\"column\">\n\t\t\t<div class=\"elementor-widget-wrap elementor-element-populated\">\n\t\t\t\t\t\t<div class=\"elementor-element elementor-element-e8e2fa4 elementor-widget elementor-widget-heading\" data-id=\"e8e2fa4\" data-element_type=\"widget\" data-widget_type=\"heading.default\">\n\t\t\t\t<div class=\"elementor-widget-container\">\n\t\t\t<h2 class=\"elementor-heading-title elementor-size-default\">Come on Board<\/h2>\t\t<\/div>\n\t\t\t\t<\/div>\n\t\t\t\t\t<\/div>\n\t\t<\/div>\n\t\t\t\t<div class=\"elementor-column elementor-col-33 elementor-top-column elementor-element elementor-element-326bba7\" data-id=\"326bba7\" data-element_type=\"column\">\n\t\t\t<div class=\"elementor-widget-wrap\">\n\t\t\t\t\t\t\t<\/div>\n\t\t<\/div>\n\t\t\t\t\t<\/div>\n\t\t<\/section>\n\t\t\t\t<section class=\"elementor-section elementor-top-section elementor-element elementor-element-c2da0a1 elementor-hidden-desktop elementor-hidden-tablet elementor-hidden-mobile elementor-section-boxed elementor-section-height-default elementor-section-height-default\" data-id=\"c2da0a1\" data-element_type=\"section\" id=\"emf_job_offers\">\n\t\t\t\t\t\t<div class=\"elementor-container elementor-column-gap-custom\">\n\t\t\t\t\t<div class=\"elementor-column elementor-col-100 elementor-top-column elementor-element elementor-element-fdc54d5\" data-id=\"fdc54d5\" data-element_type=\"column\">\n\t\t\t<div class=\"elementor-widget-wrap elementor-element-populated\">\n\t\t\t\t\t\t<div class=\"elementor-element elementor-element-4979759 ee-grid-columns-1 ee-grid-align--top ee-grid-columns-tablet-2 ee-grid-columns-mobile-1 ee-grid-halign--left ee-posts-avatar-position-left elementor-widget elementor-widget-posts-extra\" data-id=\"4979759\" data-element_type=\"widget\" data-settings=\"{&quot;columns&quot;:&quot;1&quot;,&quot;classic_grid_columns_spacing&quot;:{&quot;unit&quot;:&quot;px&quot;,&quot;size&quot;:0,&quot;sizes&quot;:[]},&quot;columns_tablet&quot;:&quot;2&quot;,&quot;columns_mobile&quot;:&quot;1&quot;,&quot;classic_grid_columns_spacing_tablet&quot;:{&quot;unit&quot;:&quot;px&quot;,&quot;size&quot;:12,&quot;sizes&quot;:[]},&quot;classic_grid_columns_spacing_mobile&quot;:{&quot;unit&quot;:&quot;px&quot;,&quot;size&quot;:0,&quot;sizes&quot;:[]}}\" data-widget_type=\"posts-extra.classic\">\n\t\t\t\t<div class=\"elementor-widget-container\">\n\t\t\t<div class=\"ee-posts__nothing-found\">It seems we can't find what you're looking for.<\/div>\t\t<\/div>\n\t\t\t\t<\/div>\n\t\t\t\t\t<\/div>\n\t\t<\/div>\n\t\t\t\t\t<\/div>\n\t\t<\/section>\n\t\t\t\t<\/div>","protected":false},"excerpt":{"rendered":"<p>career We are always on the lookout for individuals or teams who can assist us in growing our company while observing our core values. You are welcome to apply for advertised jobs or send an unsolicited application. Come on Board Overview Apply Job Your Profile Our Needs Overview Apply Job Your Profile Our Needs<\/p>","protected":false},"author":20,"featured_media":0,"parent":0,"menu_order":0,"comment_status":"closed","ping_status":"closed","template":"","meta":{"_acf_changed":false,"content-type":"","footnotes":""},"acf":[],"yoast_head":"<!-- This site is optimized with the Yoast SEO plugin v22.7 - https:\/\/yoast.com\/wordpress\/plugins\/seo\/ -->\n<title>Career - European Maritime Finance<\/title>\n<meta name=\"robots\" content=\"index, follow, max-snippet:-1, max-image-preview:large, max-video-preview:-1\" \/>\n<link rel=\"canonical\" href=\"https:\/\/maritimefinance.ch\/fr\/carriere\/\" \/>\n<meta property=\"og:locale\" content=\"fr_FR\" \/>\n<meta property=\"og:type\" content=\"article\" \/>\n<meta property=\"og:title\" content=\"Career - European Maritime Finance\" \/>\n<meta property=\"og:description\" content=\"career We are always on the lookout for individuals or teams who can assist us in growing our company while observing our core values. You are welcome to apply for advertised jobs or send an unsolicited application. Come on Board Overview Apply Job Your Profile Our Needs Overview Apply Job Your Profile Our Needs\" \/>\n<meta property=\"og:url\" content=\"https:\/\/maritimefinance.ch\/fr\/carriere\/\" \/>\n<meta property=\"og:site_name\" content=\"European Maritime Finance\" \/>\n<meta property=\"article:publisher\" content=\"https:\/\/m.facebook.com\/maritimefinancech\" \/>\n<meta property=\"article:modified_time\" content=\"2024-04-23T12:17:31+00:00\" \/>\n<meta name=\"twitter:card\" content=\"summary_large_image\" \/>\n<meta name=\"twitter:site\" content=\"@EMFSwitzerland\" \/>\n<meta name=\"twitter:label1\" content=\"Dur\u00e9e de lecture estim\u00e9e\" \/>\n\t<meta name=\"twitter:data1\" content=\"4 minutes\" \/>\n<script type=\"application\/ld+json\" class=\"yoast-schema-graph\">{\"@context\":\"https:\/\/schema.org\",\"@graph\":[{\"@type\":\"WebPage\",\"@id\":\"https:\/\/maritimefinance.ch\/career\/\",\"url\":\"https:\/\/maritimefinance.ch\/career\/\",\"name\":\"Career - European Maritime Finance\",\"isPartOf\":{\"@id\":\"https:\/\/maritimefinance.ch\/#website\"},\"datePublished\":\"2021-06-28T13:06:39+00:00\",\"dateModified\":\"2024-04-23T12:17:31+00:00\",\"breadcrumb\":{\"@id\":\"https:\/\/maritimefinance.ch\/career\/#breadcrumb\"},\"inLanguage\":\"fr-FR\",\"potentialAction\":[{\"@type\":\"ReadAction\",\"target\":[\"https:\/\/maritimefinance.ch\/career\/\"]}]},{\"@type\":\"BreadcrumbList\",\"@id\":\"https:\/\/maritimefinance.ch\/career\/#breadcrumb\",\"itemListElement\":[{\"@type\":\"ListItem\",\"position\":1,\"name\":\"Home\",\"item\":\"https:\/\/maritimefinance.ch\/\"},{\"@type\":\"ListItem\",\"position\":2,\"name\":\"Career\"}]},{\"@type\":\"WebSite\",\"@id\":\"https:\/\/maritimefinance.ch\/#website\",\"url\":\"https:\/\/maritimefinance.ch\/\",\"name\":\"European Maritime Finance\",\"description\":\"European Maritime Finance AG\",\"publisher\":{\"@id\":\"https:\/\/maritimefinance.ch\/#organization\"},\"potentialAction\":[{\"@type\":\"SearchAction\",\"target\":{\"@type\":\"EntryPoint\",\"urlTemplate\":\"https:\/\/maritimefinance.ch\/?s={search_term_string}\"},\"query-input\":\"required name=search_term_string\"}],\"inLanguage\":\"fr-FR\"},{\"@type\":\"Organization\",\"@id\":\"https:\/\/maritimefinance.ch\/#organization\",\"name\":\"European Maritime Finance\",\"url\":\"https:\/\/maritimefinance.ch\/\",\"logo\":{\"@type\":\"ImageObject\",\"inLanguage\":\"fr-FR\",\"@id\":\"https:\/\/maritimefinance.ch\/#\/schema\/logo\/image\/\",\"url\":\"https:\/\/maritimefinance.ch\/wp-content\/uploads\/2020\/03\/cropped-EMF-2.png\",\"contentUrl\":\"https:\/\/maritimefinance.ch\/wp-content\/uploads\/2020\/03\/cropped-EMF-2.png\",\"width\":600,\"height\":632,\"caption\":\"European Maritime Finance\"},\"image\":{\"@id\":\"https:\/\/maritimefinance.ch\/#\/schema\/logo\/image\/\"},\"sameAs\":[\"https:\/\/m.facebook.com\/maritimefinancech\",\"https:\/\/x.com\/EMFSwitzerland\"]}]}<\/script>\n<!-- \/ Yoast SEO plugin. -->","yoast_head_json":{"title":"Career - European Maritime Finance","robots":{"index":"index","follow":"follow","max-snippet":"max-snippet:-1","max-image-preview":"max-image-preview:large","max-video-preview":"max-video-preview:-1"},"canonical":"https:\/\/maritimefinance.ch\/fr\/carriere\/","og_locale":"fr_FR","og_type":"article","og_title":"Career - European Maritime Finance","og_description":"career We are always on the lookout for individuals or teams who can assist us in growing our company while observing our core values. You are welcome to apply for advertised jobs or send an unsolicited application. Come on Board Overview Apply Job Your Profile Our Needs Overview Apply Job Your Profile Our Needs","og_url":"https:\/\/maritimefinance.ch\/fr\/carriere\/","og_site_name":"European Maritime Finance","article_publisher":"https:\/\/m.facebook.com\/maritimefinancech","article_modified_time":"2024-04-23T12:17:31+00:00","twitter_card":"summary_large_image","twitter_site":"@EMFSwitzerland","twitter_misc":{"Dur\u00e9e de lecture estim\u00e9e":"4 minutes"},"schema":{"@context":"https:\/\/schema.org","@graph":[{"@type":"WebPage","@id":"https:\/\/maritimefinance.ch\/career\/","url":"https:\/\/maritimefinance.ch\/career\/","name":"Career - European Maritime Finance","isPartOf":{"@id":"https:\/\/maritimefinance.ch\/#website"},"datePublished":"2021-06-28T13:06:39+00:00","dateModified":"2024-04-23T12:17:31+00:00","breadcrumb":{"@id":"https:\/\/maritimefinance.ch\/career\/#breadcrumb"},"inLanguage":"fr-FR","potentialAction":[{"@type":"ReadAction","target":["https:\/\/maritimefinance.ch\/career\/"]}]},{"@type":"BreadcrumbList","@id":"https:\/\/maritimefinance.ch\/career\/#breadcrumb","itemListElement":[{"@type":"ListItem","position":1,"name":"Home","item":"https:\/\/maritimefinance.ch\/"},{"@type":"ListItem","position":2,"name":"Career"}]},{"@type":"WebSite","@id":"https:\/\/maritimefinance.ch\/#website","url":"https:\/\/maritimefinance.ch\/","name":"European Maritime Finance","description":"European Maritime Finance AG","publisher":{"@id":"https:\/\/maritimefinance.ch\/#organization"},"potentialAction":[{"@type":"SearchAction","target":{"@type":"EntryPoint","urlTemplate":"https:\/\/maritimefinance.ch\/?s={search_term_string}"},"query-input":"required name=search_term_string"}],"inLanguage":"fr-FR"},{"@type":"Organization","@id":"https:\/\/maritimefinance.ch\/#organization","name":"European Maritime Finance","url":"https:\/\/maritimefinance.ch\/","logo":{"@type":"ImageObject","inLanguage":"fr-FR","@id":"https:\/\/maritimefinance.ch\/#\/schema\/logo\/image\/","url":"https:\/\/maritimefinance.ch\/wp-content\/uploads\/2020\/03\/cropped-EMF-2.png","contentUrl":"https:\/\/maritimefinance.ch\/wp-content\/uploads\/2020\/03\/cropped-EMF-2.png","width":600,"height":632,"caption":"European Maritime Finance"},"image":{"@id":"https:\/\/maritimefinance.ch\/#\/schema\/logo\/image\/"},"sameAs":["https:\/\/m.facebook.com\/maritimefinancech","https:\/\/x.com\/EMFSwitzerland"]}]}},"_links":{"self":[{"href":"https:\/\/maritimefinance.ch\/fr\/wp-json\/wp\/v2\/pages\/7343"}],"collection":[{"href":"https:\/\/maritimefinance.ch\/fr\/wp-json\/wp\/v2\/pages"}],"about":[{"href":"https:\/\/maritimefinance.ch\/fr\/wp-json\/wp\/v2\/types\/page"}],"author":[{"embeddable":true,"href":"https:\/\/maritimefinance.ch\/fr\/wp-json\/wp\/v2\/users\/20"}],"replies":[{"embeddable":true,"href":"https:\/\/maritimefinance.ch\/fr\/wp-json\/wp\/v2\/comments?post=7343"}],"version-history":[{"count":30,"href":"https:\/\/maritimefinance.ch\/fr\/wp-json\/wp\/v2\/pages\/7343\/revisions"}],"predecessor-version":[{"id":9339,"href":"https:\/\/maritimefinance.ch\/fr\/wp-json\/wp\/v2\/pages\/7343\/revisions\/9339"}],"wp:attachment":[{"href":"https:\/\/maritimefinance.ch\/fr\/wp-json\/wp\/v2\/media?parent=7343"}],"curies":[{"name":"wp","href":"https:\/\/api.w.org\/{rel}","templated":true}]}}